{"id":105,"date":"2018-07-24T09:49:29","date_gmt":"2018-07-24T07:49:29","guid":{"rendered":"https:\/\/www.notariaprietosabadell.com\/?page_id=105"},"modified":"2024-06-20T16:05:05","modified_gmt":"2024-06-20T14:05:05","slug":"servicios","status":"publish","type":"page","link":"https:\/\/www.notariaprietosabadell.com\/es\/servicios\/","title":{"rendered":"Servicios"},"content":{"rendered":"[vc_row type=\u00bbfull_width_background\u00bb full_screen_row_position=\u00bbmiddle\u00bb column_margin=\u00bbdefault\u00bb column_direction=\u00bbdefault\u00bb column_direction_tablet=\u00bbdefault\u00bb column_direction_phone=\u00bbdefault\u00bb bg_image=\u00bb253&#8243; bg_position=\u00bbright bottom\u00bb background_image_loading=\u00bbdefault\u00bb bg_repeat=\u00bbno-repeat\u00bb scene_position=\u00bbcenter\u00bb top_padding=\u00bb12%\u00bb bottom_padding=\u00bb12%\u00bb text_color=\u00bblight\u00bb text_align=\u00bbleft\u00bb row_border_radius=\u00bbnone\u00bb row_border_radius_applies=\u00bbbg\u00bb overflow=\u00bbvisible\u00bb id=\u00bbmain-slider\u00bb overlay_strength=\u00bb0.8&#8243; gradient_direction=\u00bbleft_to_right\u00bb shape_divider_position=\u00bbbottom\u00bb shape_divider_height=\u00bb350&#8243; bg_image_animation=\u00bbnone\u00bb parallax_bg=\u00bbtrue\u00bb parallax_bg_speed=\u00bbfast\u00bb shape_type=\u00bbwaves_opacity_alt\u00bb][vc_column column_padding=\u00bbno-extra-padding\u00bb column_padding_tablet=\u00bbinherit\u00bb column_padding_phone=\u00bbinherit\u00bb column_padding_position=\u00bball\u00bb column_element_spacing=\u00bbdefault\u00bb background_color_opacity=\u00bb1&#8243; background_hover_color_opacity=\u00bb1&#8243; column_shadow=\u00bbnone\u00bb column_border_radius=\u00bb5px\u00bb column_link_target=\u00bb_self\u00bb column_position=\u00bbdefault\u00bb el_class=\u00bbbox-module\u00bb advanced_gradient_angle=\u00bb0&#8243; gradient_direction=\u00bbleft_to_right\u00bb overlay_strength=\u00bb0.3&#8243; width=\u00bb1\/3&#8243; tablet_width_inherit=\u00bbdefault\u00bb tablet_text_alignment=\u00bbdefault\u00bb phone_text_alignment=\u00bbdefault\u00bb animation_type=\u00bbdefault\u00bb bg_image_animation=\u00bbnone\u00bb border_type=\u00bbsimple\u00bb column_border_width=\u00bbnone\u00bb gradient_type=\u00bbdefault\u00bb][divider line_type=\u00bbNo Line\u00bb custom_height=\u00bb22&#8243;][split_line_heading animation_type=\u00bbline-reveal-by-space\u00bb font_style=\u00bbh1&#8243; text_color=\u00bb#1f414f\u00bb line_reveal_by_space_text_effect=\u00bbdefault\u00bb content_alignment=\u00bbdefault\u00bb mobile_content_alignment=\u00bbinherit\u00bb link_target=\u00bb_self\u00bb text_content=\u00bbSERVICIOS NOTARIALES\u00bb]\n<h1 style=\"color: #1f414f;\">Servicios notariales<\/h1>\n[\/split_line_heading][divider line_type=\u00bbNo Line\u00bb custom_height=\u00bb14&#8243;][vc_row_inner column_margin=\u00bbdefault\u00bb column_direction=\u00bbdefault\u00bb column_direction_tablet=\u00bbdefault\u00bb column_direction_phone=\u00bbdefault\u00bb text_align=\u00bbleft\u00bb row_position=\u00bbdefault\u00bb row_position_tablet=\u00bbinherit\u00bb row_position_phone=\u00bbinherit\u00bb overflow=\u00bbvisible\u00bb pointer_events=\u00bball\u00bb][vc_column_inner column_padding=\u00bbno-extra-padding\u00bb column_padding_tablet=\u00bbinherit\u00bb column_padding_phone=\u00bbinherit\u00bb column_padding_position=\u00bball\u00bb column_element_spacing=\u00bbdefault\u00bb background_color_opacity=\u00bb1&#8243; background_hover_color_opacity=\u00bb1&#8243; column_shadow=\u00bbnone\u00bb column_border_radius=\u00bbnone\u00bb column_link_target=\u00bb_self\u00bb gradient_direction=\u00bbleft_to_right\u00bb overlay_strength=\u00bb0.3&#8243; width=\u00bb1\/1&#8243; tablet_width_inherit=\u00bbdefault\u00bb animation_type=\u00bbdefault\u00bb enable_animation=\u00bbtrue\u00bb animation=\u00bbfade-in-from-bottom\u00bb bg_image_animation=\u00bbnone\u00bb border_type=\u00bbsimple\u00bb column_border_width=\u00bbnone\u00bb column_border_style=\u00bbsolid\u00bb delay=\u00bb200&#8243;][vc_custom_heading text=\u00bbSiempre listos para servir a la comunidad\u00bb font_container=\u00bbtag:h2|text_align:left|color:%231f414f\u00bb use_theme_fonts=\u00bbyes\u00bb][\/vc_column_inner][\/vc_row_inner][\/vc_column][vc_column column_padding=\u00bbno-extra-padding\u00bb column_padding_tablet=\u00bbinherit\u00bb column_padding_phone=\u00bbinherit\u00bb column_padding_position=\u00bball\u00bb column_element_spacing=\u00bbdefault\u00bb background_color_opacity=\u00bb1&#8243; background_hover_color_opacity=\u00bb1&#8243; column_shadow=\u00bbnone\u00bb column_border_radius=\u00bbnone\u00bb column_link_target=\u00bb_self\u00bb column_position=\u00bbdefault\u00bb gradient_direction=\u00bbleft_to_right\u00bb overlay_strength=\u00bb0.3&#8243; width=\u00bb2\/3&#8243; tablet_width_inherit=\u00bbdefault\u00bb tablet_text_alignment=\u00bbdefault\u00bb phone_text_alignment=\u00bbdefault\u00bb animation_type=\u00bbdefault\u00bb bg_image_animation=\u00bbnone\u00bb border_type=\u00bbsimple\u00bb column_border_width=\u00bbnone\u00bb column_border_style=\u00bbsolid\u00bb][\/vc_column][\/vc_row][vc_row type=\u00bbfull_width_background\u00bb full_screen_row_position=\u00bbmiddle\u00bb column_margin=\u00bbdefault\u00bb column_direction=\u00bbdefault\u00bb column_direction_tablet=\u00bbdefault\u00bb column_direction_phone=\u00bbdefault\u00bb bg_color=\u00bb#ffffff\u00bb scene_position=\u00bbcenter\u00bb top_padding=\u00bb10%\u00bb text_color=\u00bbdark\u00bb text_align=\u00bbleft\u00bb row_border_radius=\u00bbnone\u00bb row_border_radius_applies=\u00bbbg\u00bb overflow=\u00bbvisible\u00bb overlay_strength=\u00bb0.3&#8243; gradient_direction=\u00bbleft_to_right\u00bb shape_divider_position=\u00bbbottom\u00bb bg_image_animation=\u00bbnone\u00bb shape_type=\u00bb\u00bb][vc_column column_padding=\u00bbno-extra-padding\u00bb column_padding_tablet=\u00bbinherit\u00bb column_padding_phone=\u00bbinherit\u00bb column_padding_position=\u00bball\u00bb column_element_spacing=\u00bbdefault\u00bb background_color_opacity=\u00bb1&#8243; background_hover_color_opacity=\u00bb1&#8243; column_shadow=\u00bbnone\u00bb column_border_radius=\u00bbnone\u00bb column_link_target=\u00bb_self\u00bb column_position=\u00bbdefault\u00bb gradient_direction=\u00bbleft_to_right\u00bb overlay_strength=\u00bb0.3&#8243; width=\u00bb1\/6&#8243; tablet_width_inherit=\u00bbdefault\u00bb tablet_text_alignment=\u00bbdefault\u00bb phone_text_alignment=\u00bbdefault\u00bb animation_type=\u00bbdefault\u00bb bg_image_animation=\u00bbnone\u00bb border_type=\u00bbsimple\u00bb column_border_width=\u00bbnone\u00bb column_border_style=\u00bbsolid\u00bb][\/vc_column][vc_column column_padding=\u00bbno-extra-padding\u00bb column_padding_tablet=\u00bbinherit\u00bb column_padding_phone=\u00bbinherit\u00bb column_padding_position=\u00bball\u00bb column_element_spacing=\u00bbdefault\u00bb background_color_opacity=\u00bb1&#8243; background_hover_color_opacity=\u00bb1&#8243; column_shadow=\u00bbnone\u00bb column_border_radius=\u00bbnone\u00bb column_link_target=\u00bb_self\u00bb column_position=\u00bbdefault\u00bb gradient_direction=\u00bbleft_to_right\u00bb overlay_strength=\u00bb0.3&#8243; width=\u00bb2\/3&#8243; tablet_width_inherit=\u00bbdefault\u00bb tablet_text_alignment=\u00bbdefault\u00bb phone_text_alignment=\u00bbdefault\u00bb animation_type=\u00bbdefault\u00bb bg_image_animation=\u00bbnone\u00bb border_type=\u00bbsimple\u00bb column_border_width=\u00bbnone\u00bb column_border_style=\u00bbsolid\u00bb][vc_custom_heading text=\u00bbNuestras \u00e1reas de servicios\u00bb font_container=\u00bbtag:h3|text_align:center\u00bb use_theme_fonts=\u00bbyes\u00bb css_animation=\u00bbnone\u00bb][vc_custom_heading text=\u00bbNuestro equipo se encuentra siempre listo para atender consultas y resolver con velocidad todos los tr\u00e1mites notariales. Atendemos tanto a particulares como a empresas, siempre con la misi\u00f3n de entregar nuestro trabajo con la mayor agilidad y transparencia posible.\u00bb font_container=\u00bbtag:p|text_align:center|color:rgba(10%2C10%2C10%2C0.65)\u00bb use_theme_fonts=\u00bbyes\u00bb css_animation=\u00bbnone\u00bb][\/vc_column][vc_column column_padding=\u00bbno-extra-padding\u00bb column_padding_tablet=\u00bbinherit\u00bb column_padding_phone=\u00bbinherit\u00bb column_padding_position=\u00bball\u00bb column_element_spacing=\u00bbdefault\u00bb background_color_opacity=\u00bb1&#8243; background_hover_color_opacity=\u00bb1&#8243; column_shadow=\u00bbnone\u00bb column_border_radius=\u00bbnone\u00bb column_link_target=\u00bb_self\u00bb column_position=\u00bbdefault\u00bb gradient_direction=\u00bbleft_to_right\u00bb overlay_strength=\u00bb0.3&#8243; width=\u00bb1\/6&#8243; tablet_width_inherit=\u00bbdefault\u00bb tablet_text_alignment=\u00bbdefault\u00bb phone_text_alignment=\u00bbdefault\u00bb animation_type=\u00bbdefault\u00bb bg_image_animation=\u00bbnone\u00bb border_type=\u00bbsimple\u00bb column_border_width=\u00bbnone\u00bb column_border_style=\u00bbsolid\u00bb][\/vc_column][\/vc_row][vc_row type=\u00bbfull_width_background\u00bb full_screen_row_position=\u00bbmiddle\u00bb column_margin=\u00bbdefault\u00bb column_direction=\u00bbdefault\u00bb column_direction_tablet=\u00bbdefault\u00bb column_direction_phone=\u00bbdefault\u00bb bg_color=\u00bb#ffffff\u00bb scene_position=\u00bbcenter\u00bb top_padding=\u00bb7%\u00bb bottom_padding=\u00bb7%\u00bb text_color=\u00bbdark\u00bb text_align=\u00bbleft\u00bb row_border_radius=\u00bbnone\u00bb row_border_radius_applies=\u00bbbg\u00bb overflow=\u00bbvisible\u00bb id=\u00bbservicios-new\u00bb overlay_strength=\u00bb0.3&#8243; gradient_direction=\u00bbleft_to_right\u00bb shape_divider_position=\u00bbbottom\u00bb bg_image_animation=\u00bbnone\u00bb shape_type=\u00bb\u00bb][vc_column column_padding=\u00bbpadding-4-percent\u00bb column_padding_tablet=\u00bbinherit\u00bb column_padding_phone=\u00bbinherit\u00bb column_padding_position=\u00bball\u00bb column_element_spacing=\u00bbdefault\u00bb background_color_opacity=\u00bb1&#8243; background_hover_color_opacity=\u00bb1&#8243; column_shadow=\u00bbnone\u00bb column_border_radius=\u00bbnone\u00bb column_link_target=\u00bb_self\u00bb column_position=\u00bbdefault\u00bb el_class=\u00bbizq\u00bb gradient_direction=\u00bbleft_to_right\u00bb overlay_strength=\u00bb0.3&#8243; width=\u00bb1\/3&#8243; tablet_width_inherit=\u00bbdefault\u00bb tablet_text_alignment=\u00bbdefault\u00bb phone_text_alignment=\u00bbdefault\u00bb animation_type=\u00bbdefault\u00bb bg_image_animation=\u00bbnone\u00bb border_type=\u00bbsimple\u00bb column_border_width=\u00bbnone\u00bb column_border_style=\u00bbsolid\u00bb][vc_raw_html]JTNDdWwlM0UlMEElM0NsaSUzRSUzQ2ElMjBjbGFzcyUzRCUyMmRlc3QlMjIlMjBocmVmJTNEJTIyJTJGc2VydmljaW9zJTJGJTIzc2VydmljaW9zLW5ldyUyMiUzRUZhbWlsaWElM0MlMkZhJTNFJTNDJTJGbGklM0UlMEElM0NsaSUzRSUzQ2ElMjBocmVmJTNEJTIyJTJGc3VjZXNpb25lcy1oZXJlZGl0YXJpYXMlMkYlMjNzZXJ2aWNpb3MtbmV3JTIyJTNFU3VjZXNpb25lcyUyMEhlcmVkaXRhcmlhcyUzQyUyRmElM0UlM0MlMkZsaSUzRSUwQSUzQ2xpJTNFJTNDYSUyMGhyZWYlM0QlMjIlMkZvcGVyYWNpb25lcy1pbm1vYmlsaWFyaWFzJTJGJTIzc2VydmljaW9zLW5ldyUyMiUzRU9wZXJhY2lvbmVzJTIwSW5tb2JpbGlhcmlhcyUzQyUyRmElM0UlM0MlMkZsaSUzRSUwQSUzQ2xpJTNFJTNDYSUyMGhyZWYlM0QlMjIlMkZzb2NpZWRhZGVzLW1lcmNhbnRpbGVzJTJGJTIzc2VydmljaW9zLW5ldyUyMiUzRVNvY2llZGFkZXMlMjBNZXJjYW50aWxlcyUzQyUyRmElM0UlM0MlMkZsaSUzRSUwQSUzQ2xpJTNFJTNDYSUyMGhyZWYlM0QlMjIlMkZmaW5hbmNpYWNpb24lMkYlMjNzZXJ2aWNpb3MtbmV3JTIyJTNFRmluYWNpYWNpJUMzJUIzbiUzQyUyRmElM0UlM0MlMkZsaSUzRSUwQSUzQ2xpJTNFJTNDYSUyMGhyZWYlM0QlMjIlMkZwb2RlcmVzJTJGJTIzc2VydmljaW9zLW5ldyUyMiUzRVBvZGVyZXMlM0MlMkZhJTNFJTNDJTJGbGklM0UlMEElM0NsaSUzRSUzQ2ElMjBocmVmJTNEJTIyJTJGanVyYS1kZS1uYWNpb25hbGlkYWQlMkYlMjNzZXJ2aWNpb3MtbmV3JTIyJTNFSnVyYSUyMGRlJTIwTmFjaW9uYWxpZGFkJTNDJTJGYSUzRSUzQyUyRmxpJTNFJTBBJTNDbGklM0UlM0NhJTIwaHJlZiUzRCUyMiUyRmFjdGFzJTJGJTIzc2VydmljaW9zLW5ldyUyMiUzRUFjdGFzJTNDJTJGYSUzRSUzQyUyRmxpJTNFJTBBJTNDbGklM0UlM0NhJTIwaHJlZiUzRCUyMiUyRnBvbGl6YXMlMkYlMjNzZXJ2aWNpb3MtbmV3JTIyJTNFUCVDMyVCM2xpemFzJTNDJTJGYSUzRSUzQyUyRmxpJTNFJTBBJTNDbGklM0UlM0NhJTIwaHJlZiUzRCUyMiUyRlRlc3RpbW9uaW9zLXktbGVnaXRpbWFjaW9uZXMlMkYlMjNzZXJ2aWNpb3MtbmV3JTIyJTNFVGVzdGltb25pb3MlMjB5JTIwbGVnaXRpbWFjaW9uZXMlM0MlMkZhJTNFJTNDJTJGbGklM0UlMEElM0NsaSUzRSUzQ2ElMjBocmVmJTNEJTIyJTJGZmlzY2FsaWRhZCUyRiUyM3NlcnZpY2lvcy1uZXclMjIlM0VGaXNjYWxpZGFkJTNDJTJGYSUzRSUzQyUyRmxpJTNFJTBBJTNDbGklM0UlM0NhJTIwaHJlZiUzRCUyMiUyRmdlc3Rpb24tZG9jdW1lbnRhbCUyRiUyM3NlcnZpY2lvcy1uZXclMjIlM0VHZXN0aSVDMyVCM24lMjBkb2N1bWVudGFsJTNDJTJGYSUzRSUzQyUyRmxpJTNFJTBBJTBBJTBBJTNDJTJGdWwlM0U=[\/vc_raw_html][\/vc_column][vc_column column_padding=\u00bbpadding-4-percent\u00bb column_padding_tablet=\u00bbinherit\u00bb column_padding_phone=\u00bbinherit\u00bb column_padding_position=\u00bball\u00bb column_element_spacing=\u00bbdefault\u00bb background_color_opacity=\u00bb1&#8243; background_hover_color_opacity=\u00bb1&#8243; column_shadow=\u00bbnone\u00bb column_border_radius=\u00bbnone\u00bb column_link_target=\u00bb_self\u00bb column_position=\u00bbdefault\u00bb el_class=\u00bbder\u00bb gradient_direction=\u00bbleft_to_right\u00bb overlay_strength=\u00bb0.3&#8243; width=\u00bb2\/3&#8243; tablet_width_inherit=\u00bbdefault\u00bb tablet_text_alignment=\u00bbdefault\u00bb phone_text_alignment=\u00bbdefault\u00bb animation_type=\u00bbdefault\u00bb bg_image_animation=\u00bbnone\u00bb border_type=\u00bbsimple\u00bb column_border_width=\u00bbnone\u00bb column_border_style=\u00bbsolid\u00bb][vc_custom_heading text=\u00bbFamilia\u00bb font_container=\u00bbtag:h3|text_align:left\u00bb use_theme_fonts=\u00bbyes\u00bb][divider line_type=\u00bbNo Line\u00bb custom_height=\u00bb20px\u00bb][toggles style=\u00bbminimal\u00bb][toggle color=\u00bbDefault\u00bb title=\u00bbCapitulaciones matrimoniales\u00bb][vc_column_text]Acuerdo entre c\u00f3nyuges cuyo objetivo esencial es fijar las normas que deben regir el aspecto econ\u00f3mico de su matrimonio, respetando en todo caso las disposiciones legales. Pueden hacerse antes o despu\u00e9s de haberlo contra\u00eddo y es la forma adecuada de pactar un r\u00e9gimen econ\u00f3mico distinto al que la ley establece en primer t\u00e9rmino.<\/p>\n<p>Para su validez deben hacerse en escritura p\u00fablica, con el asesoramiento imparcial del notario, que deber\u00e1 indicar la manera m\u00e1s id\u00f3nea para reflejar la voluntad de los esposos as\u00ed como los l\u00edmites que marca la ley.<\/p>\n<p><a class=\"bot-acc\" href=\"\/contacto\/\">Reserve su cita previa<\/a> y acuda con su documento de identidad original y en vigor<\/p>\n<p>A la firma deber\u00e1n de comparecer ambos c\u00f3nyuges, y si las capitulaciones son posteriores al otorgamiento del matrimonio, deber\u00e1n de aportar adem\u00e1s certificado de matrimonio. Cuando acuda a la visita le informaremos del resto de documentaci\u00f3n a aportar, en su caso.[\/vc_column_text][\/toggle][toggle color=\u00bbDefault\u00bb title=\u00bbMatrimonios, separaciones y divorcios\u00bb][vc_column_text]Actualmente puede contraerse matrimonio ante Notario. El expediente matrimonial previo deber\u00e1 tramitarse por el juez del registro civil competente, al que deber\u00e1 indicarse que el acto de celebraci\u00f3n del matrimonio se realizar\u00e1 notarialmente.<br \/>\nLos c\u00f3nyuges puedan divorciarse de mutuo acuerdo (o separarse) otorgando ante notario una escritura p\u00fablica, siempre que hayan transcurrido tres meses desde la celebraci\u00f3n del matrimonio y no existan hijos menores de edad o con la capacidad modificada judicialmente; si los hijos son mayores de edad, deber\u00e1n de consentir la escritura referida; en todo caso los c\u00f3nyuges deber\u00e1n estar asistidos por un abogado, que puede ser el mismo para ambos.<\/p>\n<p><a class=\"bot-acc\" href=\"\/contacto\/\">Reserve su cita previa<\/a> y acuda con su documento de identidad original y en vigor<\/p>\n<p>Para el matrimonio ante notario ser\u00e1 preciso adem\u00e1s aportar el expediente prematrimonial y copia del DNI de los dos testigos; para la separaci\u00f3n y\/o divorcio ser\u00e1 preciso aportar libro de familia, certificado de matrimonio, certificados de empadronamiento de los c\u00f3nyuges, y convenio regulador preparado por abogado.[\/vc_column_text][\/toggle][toggle color=\u00bbDefault\u00bb title=\u00bbParejas de hecho\u00bb][vc_column_text]En Catalu\u00f1a est\u00e1n pr\u00e1cticamente equiparadas en cuanto a sus efectos a los matrimonios. Una de las formas de constituir la pareja es acudiendo a la Notar\u00eda y otorgando escritura de pareja estable.<\/p>\n<h4>Formas de constituir una pareja estable<\/h4>\n<ul>\n<li>Sin necesidad de escritura, basta con que la pareja lleve conviviendo de manera ininterrumpida durante m\u00e1s de dos a\u00f1os o tenga un hijo en com\u00fan.<\/li>\n<li>Otorgando escritura de Pareja Estable ante notario.<\/li>\n<\/ul>\n<p>&nbsp;<\/p>\n<h4>\u00bfQui\u00e9nes pueden formar una pareja estable?<\/h4>\n<p>&nbsp;<\/p>\n<h4>La regulaci\u00f3n legal dice que no pueden constituirla:<\/h4>\n<ul>\n<li>Los menores de edad no emancipados<\/li>\n<li>Los parientes en l\u00ednea recta o colateral dentro del segundo grado<\/li>\n<li>Los casados y no separados de hecho<\/li>\n<li>Los que convivan en pareja con otra persona<\/li>\n<\/ul>\n<h4>Listado de documentaci\u00f3n b\u00e1sica<\/h4>\n<ul>\n<li>DNI o pasaporte en vigor<\/li>\n<li>Certificado de empadronamiento en el mismo domicilio<\/li>\n<\/ul>\n<h4>Inscripci\u00f3n en el Registro de Parejas Estables<\/h4>\n<p>La inscripci\u00f3n es voluntaria y podr\u00e1 encargarse la misma notar\u00eda de solicitarla por v\u00eda telem\u00e1tica.[\/vc_column_text][\/toggle][toggle color=\u00bbDefault\u00bb title=\u00bbInstrumentos de protecci\u00f3n a la persona: poderes preventivos, delaciones de tutela y autodelaciones de tutela; testamento vital\u00bb][vc_column_text]Se trata de documentos notariales que permiten prever en vida unas serie de situaciones que pueden afectar a uno mismo y a las personas m\u00e1s pr\u00f3ximas de su entorno familiar.<\/p>\n<ul>\n<li><b>Los poderes preventivos<\/b> se otorgan en previsi\u00f3n de una futura incapacidad. Es un documento muy \u00fatil en la pr\u00e1ctica pues evita tener que incapacitar a la persona y nombrarle un tutor por la v\u00eda judicial, con el coste y tiempo que ello supone. Con el poder es uno mismo quien decide qui\u00e9n debe representarle en tal situaci\u00f3n.<\/li>\n<li><b>Nombramiento de tutor<\/b> en escritura p\u00fablica y respecto a los hijos menores de edad o con capacidad modificada judicialmente, de forma que en caso de ser necesario nombrarles tutor, por falta de los titulares de la patria potestad, el juez que conozca el caso llame en primera instancia para ocupar el cargo de tutor a la\/s persona\/s que hayan podido designar en el referido documento.<\/li>\n<li><b>Autotutela<\/b> el nombramiento de tutor lo es para uno mismo, en caso de ser sometido en un momento futuro a un proceso judicial de incapacitaci\u00f3n.<\/li>\n<li><b>Testamento vital o voluntades anticipadas<\/b> es el documento en virtud del que una persona decide y fija las pautas que deber\u00e1n seguirse en caso de encontrarse en una situaci\u00f3n que no le permita expresarlas por s\u00ed misma y, nombrar un interlocutor que traslade al equipo m\u00e9dico esas instrucciones.<\/li>\n<\/ul>\n[\/vc_column_text][\/toggle][\/toggles][\/vc_column][\/vc_row][vc_row type=\u00bbfull_width_background\u00bb full_screen_row_position=\u00bbmiddle\u00bb column_margin=\u00bbdefault\u00bb equal_height=\u00bbyes\u00bb content_placement=\u00bbmiddle\u00bb column_direction=\u00bbdefault\u00bb column_direction_tablet=\u00bbdefault\u00bb column_direction_phone=\u00bbdefault\u00bb bg_image=\u00bb520&#8243; bg_position=\u00bbcenter center\u00bb background_image_loading=\u00bbdefault\u00bb bg_repeat=\u00bbno-repeat\u00bb scene_position=\u00bbcenter\u00bb top_padding=\u00bb8%\u00bb bottom_padding=\u00bb8%\u00bb text_color=\u00bblight\u00bb text_align=\u00bbleft\u00bb row_border_radius=\u00bbnone\u00bb row_border_radius_applies=\u00bbbg\u00bb overflow=\u00bbvisible\u00bb id=\u00bbnecesitas-ayuda\u00bb color_overlay=\u00bbrgba(10,6,6,0.84)\u00bb overlay_strength=\u00bb0.5&#8243; gradient_direction=\u00bbleft_to_right\u00bb shape_divider_position=\u00bbbottom\u00bb bg_image_animation=\u00bbnone\u00bb parallax_bg=\u00bbtrue\u00bb parallax_bg_speed=\u00bbslow\u00bb shape_type=\u00bb\u00bb][vc_column column_padding=\u00bbno-extra-padding\u00bb column_padding_tablet=\u00bbinherit\u00bb column_padding_phone=\u00bbinherit\u00bb column_padding_position=\u00bball\u00bb column_element_spacing=\u00bbdefault\u00bb background_color_opacity=\u00bb1&#8243; background_hover_color_opacity=\u00bb1&#8243; column_shadow=\u00bbnone\u00bb column_border_radius=\u00bbnone\u00bb column_link_target=\u00bb_self\u00bb column_position=\u00bbdefault\u00bb gradient_direction=\u00bbleft_to_right\u00bb overlay_strength=\u00bb0.3&#8243; width=\u00bb1\/1&#8243; tablet_width_inherit=\u00bbdefault\u00bb tablet_text_alignment=\u00bbdefault\u00bb phone_text_alignment=\u00bbdefault\u00bb animation_type=\u00bbdefault\u00bb bg_image_animation=\u00bbnone\u00bb border_type=\u00bbsimple\u00bb column_border_width=\u00bbnone\u00bb column_border_style=\u00bbsolid\u00bb][vc_row_inner column_margin=\u00bbdefault\u00bb column_direction=\u00bbdefault\u00bb column_direction_tablet=\u00bbdefault\u00bb column_direction_phone=\u00bbdefault\u00bb text_align=\u00bbleft\u00bb row_position=\u00bbdefault\u00bb row_position_tablet=\u00bbinherit\u00bb row_position_phone=\u00bbinherit\u00bb overflow=\u00bbvisible\u00bb pointer_events=\u00bball\u00bb][vc_column_inner column_padding=\u00bbno-extra-padding\u00bb column_padding_tablet=\u00bbinherit\u00bb column_padding_phone=\u00bbinherit\u00bb column_padding_position=\u00bball\u00bb column_element_spacing=\u00bbdefault\u00bb background_color_opacity=\u00bb1&#8243; background_hover_color_opacity=\u00bb1&#8243; column_shadow=\u00bbnone\u00bb column_border_radius=\u00bbnone\u00bb column_link_target=\u00bb_self\u00bb gradient_direction=\u00bbleft_to_right\u00bb overlay_strength=\u00bb0.3&#8243; width=\u00bb1\/6&#8243; tablet_width_inherit=\u00bbdefault\u00bb animation_type=\u00bbdefault\u00bb bg_image_animation=\u00bbnone\u00bb border_type=\u00bbsimple\u00bb column_border_width=\u00bbnone\u00bb column_border_style=\u00bbsolid\u00bb][\/vc_column_inner][vc_column_inner column_padding=\u00bbpadding-2-percent\u00bb column_padding_tablet=\u00bbinherit\u00bb column_padding_phone=\u00bbinherit\u00bb column_padding_position=\u00bbleft-right\u00bb column_element_spacing=\u00bbdefault\u00bb centered_text=\u00bbtrue\u00bb background_color_opacity=\u00bb1&#8243; background_hover_color_opacity=\u00bb1&#8243; column_shadow=\u00bbnone\u00bb column_border_radius=\u00bbnone\u00bb column_link_target=\u00bb_self\u00bb gradient_direction=\u00bbleft_to_right\u00bb overlay_strength=\u00bb0.3&#8243; width=\u00bb2\/3&#8243; tablet_width_inherit=\u00bbdefault\u00bb animation_type=\u00bbdefault\u00bb bg_image_animation=\u00bbnone\u00bb border_type=\u00bbsimple\u00bb column_border_width=\u00bbnone\u00bb column_border_style=\u00bbsolid\u00bb][vc_custom_heading text=\u00bb\u00bfNecesita ayuda con sus tr\u00e1mites notariales?\u00bb font_container=\u00bbtag:h2|text_align:center\u00bb use_theme_fonts=\u00bbyes\u00bb css_animation=\u00bbfadeInUp\u00bb el_id=\u00bbnecesitas-ayuda\u00bb][divider line_type=\u00bbNo Line\u00bb custom_height=\u00bb10&#8243;][vc_custom_heading text=\u00bbEstamos a su servicio.\u00bb font_container=\u00bbtag:p|text_align:center|color:rgba(255%2C255%2C255%2C0.7)\u00bb use_theme_fonts=\u00bbyes\u00bb css_animation=\u00bbfadeInUp\u00bb css=\u00bb.vc_custom_1538036538088{margin-top: 10px !important;margin-bottom: 10px !important;}\u00bb][nectar_btn size=\u00bblarge\u00bb button_style=\u00bbregular\u00bb button_color_2=\u00bbAccent-Color\u00bb icon_family=\u00bbdefault_arrow\u00bb url=\u00bb\/contacto\/\u00bb text=\u00bbContactar notar\u00eda\u00bb css_animation=\u00bbzoomIn\u00bb][\/vc_column_inner][vc_column_inner column_padding=\u00bbno-extra-padding\u00bb column_padding_tablet=\u00bbinherit\u00bb column_padding_phone=\u00bbinherit\u00bb column_padding_position=\u00bball\u00bb column_element_spacing=\u00bbdefault\u00bb background_color_opacity=\u00bb1&#8243; background_hover_color_opacity=\u00bb1&#8243; column_shadow=\u00bbnone\u00bb column_border_radius=\u00bbnone\u00bb column_link_target=\u00bb_self\u00bb gradient_direction=\u00bbleft_to_right\u00bb overlay_strength=\u00bb0.3&#8243; width=\u00bb1\/6&#8243; tablet_width_inherit=\u00bbdefault\u00bb animation_type=\u00bbdefault\u00bb bg_image_animation=\u00bbnone\u00bb border_type=\u00bbsimple\u00bb column_border_width=\u00bbnone\u00bb column_border_style=\u00bbsolid\u00bb][\/vc_column_inner][\/vc_row_inner][\/vc_column][\/vc_row]\n","protected":false},"excerpt":{"rendered":"<p>[vc_row type=\u00bbfull_width_background\u00bb full_screen_row_position=\u00bbmiddle\u00bb column_margin=\u00bbdefault\u00bb column_direction=\u00bbdefault\u00bb column_direction_tablet=\u00bbdefault\u00bb column_direction_phone=\u00bbdefault\u00bb bg_image=\u00bb253&#8243; bg_position=\u00bbright bottom\u00bb background_image_loading=\u00bbdefault\u00bb bg_repeat=\u00bbno-repeat\u00bb scene_position=\u00bbcenter\u00bb top_padding=\u00bb12%\u00bb bottom_padding=\u00bb12%\u00bb text_color=\u00bblight\u00bb text_align=\u00bbleft\u00bb row_border_radius=\u00bbnone\u00bb row_border_radius_applies=\u00bbbg\u00bb overflow=\u00bbvisible\u00bb id=\u00bbmain-slider\u00bb overlay_strength=\u00bb0.8&#8243; gradient_direction=\u00bbleft_to_right\u00bb shape_divider_position=\u00bbbottom\u00bb shape_divider_height=\u00bb350&#8243; bg_image_animation=\u00bbnone\u00bb parallax_bg=\u00bbtrue\u00bb parallax_bg_speed=\u00bbfast\u00bb shape_type=\u00bbwaves_opacity_alt\u00bb][vc_column column_padding=\u00bbno-extra-padding\u00bb&#8230;<\/p>\n","protected":false},"author":4,"featured_media":0,"parent":0,"menu_order":0,"comment_status":"closed","ping_status":"closed","template":"","meta":[],"_links":{"self":[{"href":"https:\/\/www.notariaprietosabadell.com\/es\/wp-json\/wp\/v2\/pages\/105"}],"collection":[{"href":"https:\/\/www.notariaprietosabadell.com\/es\/wp-json\/wp\/v2\/pages"}],"about":[{"href":"https:\/\/www.notariaprietosabadell.com\/es\/wp-json\/wp\/v2\/types\/page"}],"author":[{"embeddable":true,"href":"https:\/\/www.notariaprietosabadell.com\/es\/wp-json\/wp\/v2\/users\/4"}],"replies":[{"embeddable":true,"href":"https:\/\/www.notariaprietosabadell.com\/es\/wp-json\/wp\/v2\/comments?post=105"}],"version-history":[{"count":102,"href":"https:\/\/www.notariaprietosabadell.com\/es\/wp-json\/wp\/v2\/pages\/105\/revisions"}],"predecessor-version":[{"id":3510,"href":"https:\/\/www.notariaprietosabadell.com\/es\/wp-json\/wp\/v2\/pages\/105\/revisions\/3510"}],"wp:attachment":[{"href":"https:\/\/www.notariaprietosabadell.com\/es\/wp-json\/wp\/v2\/media?parent=105"}],"curies":[{"name":"wp","href":"https:\/\/api.w.org\/{rel}","templated":true}]}}