{"id":597,"date":"2018-09-26T11:48:35","date_gmt":"2018-09-26T09:48:35","guid":{"rendered":"https:\/\/www.notariaprietosabadell.com\/?page_id=597"},"modified":"2023-03-31T13:20:29","modified_gmt":"2023-03-31T11:20:29","slug":"financiacion","status":"publish","type":"page","link":"https:\/\/www.notariaprietosabadell.com\/es\/financiacion\/","title":{"rendered":"Financiaci\u00f3n"},"content":{"rendered":"[vc_row type=\u00bbfull_width_background\u00bb full_screen_row_position=\u00bbmiddle\u00bb column_margin=\u00bbdefault\u00bb column_direction=\u00bbdefault\u00bb column_direction_tablet=\u00bbdefault\u00bb column_direction_phone=\u00bbdefault\u00bb bg_image=\u00bb253&#8243; bg_position=\u00bbright bottom\u00bb background_image_loading=\u00bbdefault\u00bb bg_repeat=\u00bbno-repeat\u00bb scene_position=\u00bbcenter\u00bb top_padding=\u00bb12%\u00bb bottom_padding=\u00bb12%\u00bb text_color=\u00bblight\u00bb text_align=\u00bbleft\u00bb row_border_radius=\u00bbnone\u00bb row_border_radius_applies=\u00bbbg\u00bb overflow=\u00bbvisible\u00bb id=\u00bbmain-slider\u00bb overlay_strength=\u00bb0.8&#8243; gradient_direction=\u00bbleft_to_right\u00bb shape_divider_position=\u00bbbottom\u00bb shape_divider_height=\u00bb350&#8243; bg_image_animation=\u00bbnone\u00bb parallax_bg=\u00bbtrue\u00bb parallax_bg_speed=\u00bbfast\u00bb shape_type=\u00bbwaves_opacity_alt\u00bb][vc_column column_padding=\u00bbno-extra-padding\u00bb column_padding_tablet=\u00bbinherit\u00bb column_padding_phone=\u00bbinherit\u00bb column_padding_position=\u00bball\u00bb column_element_spacing=\u00bbdefault\u00bb background_color_opacity=\u00bb1&#8243; background_hover_color_opacity=\u00bb1&#8243; column_shadow=\u00bbsmall_depth\u00bb column_border_radius=\u00bb5px\u00bb column_link_target=\u00bb_self\u00bb column_position=\u00bbdefault\u00bb el_class=\u00bbbox-module\u00bb gradient_direction=\u00bbleft_to_right\u00bb overlay_strength=\u00bb0.3&#8243; width=\u00bb1\/3&#8243; tablet_width_inherit=\u00bbdefault\u00bb tablet_text_alignment=\u00bbdefault\u00bb phone_text_alignment=\u00bbdefault\u00bb animation_type=\u00bbdefault\u00bb bg_image_animation=\u00bbnone\u00bb border_type=\u00bbsimple\u00bb column_border_width=\u00bbnone\u00bb][divider line_type=\u00bbNo Line\u00bb custom_height=\u00bb22&#8243;][split_line_heading animation_type=\u00bbline-reveal-by-space\u00bb font_style=\u00bbh1&#8243; line_reveal_by_space_text_effect=\u00bbdefault\u00bb content_alignment=\u00bbdefault\u00bb mobile_content_alignment=\u00bbinherit\u00bb link_target=\u00bb_self\u00bb]\n<h1 style=\"color: #1f414f;\">Servicios notariales<\/h1>\n[\/split_line_heading][divider line_type=\u00bbNo Line\u00bb custom_height=\u00bb14&#8243;][vc_row_inner column_margin=\u00bbdefault\u00bb column_direction=\u00bbdefault\u00bb column_direction_tablet=\u00bbdefault\u00bb column_direction_phone=\u00bbdefault\u00bb text_align=\u00bbleft\u00bb row_position=\u00bbdefault\u00bb row_position_tablet=\u00bbinherit\u00bb row_position_phone=\u00bbinherit\u00bb overflow=\u00bbvisible\u00bb pointer_events=\u00bball\u00bb][vc_column_inner column_padding=\u00bbno-extra-padding\u00bb column_padding_tablet=\u00bbinherit\u00bb column_padding_phone=\u00bbinherit\u00bb column_padding_position=\u00bball\u00bb column_element_spacing=\u00bbdefault\u00bb background_color_opacity=\u00bb1&#8243; background_hover_color_opacity=\u00bb1&#8243; column_shadow=\u00bbnone\u00bb column_border_radius=\u00bbnone\u00bb column_link_target=\u00bb_self\u00bb gradient_direction=\u00bbleft_to_right\u00bb overlay_strength=\u00bb0.3&#8243; width=\u00bb1\/1&#8243; tablet_width_inherit=\u00bbdefault\u00bb animation_type=\u00bbdefault\u00bb enable_animation=\u00bbtrue\u00bb animation=\u00bbfade-in-from-bottom\u00bb bg_image_animation=\u00bbnone\u00bb border_type=\u00bbsimple\u00bb column_border_width=\u00bbnone\u00bb column_border_style=\u00bbsolid\u00bb delay=\u00bb200&#8243;][vc_custom_heading text=\u00bbSiempre listos para servir a la comunidad\u00bb font_container=\u00bbtag:h2|text_align:left|color:%231f414f\u00bb use_theme_fonts=\u00bbyes\u00bb][\/vc_column_inner][\/vc_row_inner][\/vc_column][vc_column column_padding=\u00bbno-extra-padding\u00bb column_padding_tablet=\u00bbinherit\u00bb column_padding_phone=\u00bbinherit\u00bb column_padding_position=\u00bball\u00bb column_element_spacing=\u00bbdefault\u00bb background_color_opacity=\u00bb1&#8243; background_hover_color_opacity=\u00bb1&#8243; column_shadow=\u00bbnone\u00bb column_border_radius=\u00bbnone\u00bb column_link_target=\u00bb_self\u00bb column_position=\u00bbdefault\u00bb gradient_direction=\u00bbleft_to_right\u00bb overlay_strength=\u00bb0.3&#8243; width=\u00bb2\/3&#8243; tablet_width_inherit=\u00bbdefault\u00bb tablet_text_alignment=\u00bbdefault\u00bb phone_text_alignment=\u00bbdefault\u00bb animation_type=\u00bbdefault\u00bb bg_image_animation=\u00bbnone\u00bb border_type=\u00bbsimple\u00bb column_border_width=\u00bbnone\u00bb column_border_style=\u00bbsolid\u00bb][\/vc_column][\/vc_row][vc_row type=\u00bbfull_width_background\u00bb full_screen_row_position=\u00bbmiddle\u00bb column_margin=\u00bbdefault\u00bb column_direction=\u00bbdefault\u00bb column_direction_tablet=\u00bbdefault\u00bb column_direction_phone=\u00bbdefault\u00bb bg_color=\u00bb#ffffff\u00bb scene_position=\u00bbcenter\u00bb top_padding=\u00bb10%\u00bb text_color=\u00bbdark\u00bb text_align=\u00bbleft\u00bb row_border_radius=\u00bbnone\u00bb row_border_radius_applies=\u00bbbg\u00bb overflow=\u00bbvisible\u00bb overlay_strength=\u00bb0.3&#8243; gradient_direction=\u00bbleft_to_right\u00bb shape_divider_position=\u00bbbottom\u00bb bg_image_animation=\u00bbnone\u00bb shape_type=\u00bb\u00bb][vc_column column_padding=\u00bbno-extra-padding\u00bb column_padding_tablet=\u00bbinherit\u00bb column_padding_phone=\u00bbinherit\u00bb column_padding_position=\u00bball\u00bb column_element_spacing=\u00bbdefault\u00bb background_color_opacity=\u00bb1&#8243; background_hover_color_opacity=\u00bb1&#8243; column_shadow=\u00bbnone\u00bb column_border_radius=\u00bbnone\u00bb column_link_target=\u00bb_self\u00bb column_position=\u00bbdefault\u00bb gradient_direction=\u00bbleft_to_right\u00bb overlay_strength=\u00bb0.3&#8243; width=\u00bb1\/6&#8243; tablet_width_inherit=\u00bbdefault\u00bb tablet_text_alignment=\u00bbdefault\u00bb phone_text_alignment=\u00bbdefault\u00bb animation_type=\u00bbdefault\u00bb bg_image_animation=\u00bbnone\u00bb border_type=\u00bbsimple\u00bb column_border_width=\u00bbnone\u00bb column_border_style=\u00bbsolid\u00bb][\/vc_column][vc_column column_padding=\u00bbno-extra-padding\u00bb column_padding_tablet=\u00bbinherit\u00bb column_padding_phone=\u00bbinherit\u00bb column_padding_position=\u00bball\u00bb column_element_spacing=\u00bbdefault\u00bb background_color_opacity=\u00bb1&#8243; background_hover_color_opacity=\u00bb1&#8243; column_shadow=\u00bbnone\u00bb column_border_radius=\u00bbnone\u00bb column_link_target=\u00bb_self\u00bb column_position=\u00bbdefault\u00bb gradient_direction=\u00bbleft_to_right\u00bb overlay_strength=\u00bb0.3&#8243; width=\u00bb2\/3&#8243; tablet_width_inherit=\u00bbdefault\u00bb tablet_text_alignment=\u00bbdefault\u00bb phone_text_alignment=\u00bbdefault\u00bb animation_type=\u00bbdefault\u00bb bg_image_animation=\u00bbnone\u00bb border_type=\u00bbsimple\u00bb column_border_width=\u00bbnone\u00bb column_border_style=\u00bbsolid\u00bb][vc_custom_heading text=\u00bbNuestras \u00e1reas de servicios\u00bb font_container=\u00bbtag:h3|text_align:center\u00bb use_theme_fonts=\u00bbyes\u00bb css_animation=\u00bbnone\u00bb][vc_custom_heading text=\u00bbNuestro equipo se encuentra siempre listo para atender consultas y resolver con velocidad todos los tr\u00e1mites notariales. Atendemos tanto a particulares como a empresas, siempre con la misi\u00f3n de entregar nuestro trabajo con la mayor agilidad y transparencia posible.\u00bb font_container=\u00bbtag:p|text_align:center|color:rgba(10%2C10%2C10%2C0.65)\u00bb use_theme_fonts=\u00bbyes\u00bb css_animation=\u00bbnone\u00bb][\/vc_column][vc_column column_padding=\u00bbno-extra-padding\u00bb column_padding_tablet=\u00bbinherit\u00bb column_padding_phone=\u00bbinherit\u00bb column_padding_position=\u00bball\u00bb column_element_spacing=\u00bbdefault\u00bb background_color_opacity=\u00bb1&#8243; background_hover_color_opacity=\u00bb1&#8243; column_shadow=\u00bbnone\u00bb column_border_radius=\u00bbnone\u00bb column_link_target=\u00bb_self\u00bb column_position=\u00bbdefault\u00bb gradient_direction=\u00bbleft_to_right\u00bb overlay_strength=\u00bb0.3&#8243; width=\u00bb1\/6&#8243; tablet_width_inherit=\u00bbdefault\u00bb tablet_text_alignment=\u00bbdefault\u00bb phone_text_alignment=\u00bbdefault\u00bb animation_type=\u00bbdefault\u00bb bg_image_animation=\u00bbnone\u00bb border_type=\u00bbsimple\u00bb column_border_width=\u00bbnone\u00bb column_border_style=\u00bbsolid\u00bb][\/vc_column][\/vc_row][vc_row type=\u00bbfull_width_background\u00bb full_screen_row_position=\u00bbmiddle\u00bb column_margin=\u00bbdefault\u00bb column_direction=\u00bbdefault\u00bb column_direction_tablet=\u00bbdefault\u00bb column_direction_phone=\u00bbdefault\u00bb bg_color=\u00bb#ffffff\u00bb scene_position=\u00bbcenter\u00bb top_padding=\u00bb7%\u00bb bottom_padding=\u00bb7%\u00bb text_color=\u00bbdark\u00bb text_align=\u00bbleft\u00bb row_border_radius=\u00bbnone\u00bb row_border_radius_applies=\u00bbbg\u00bb overflow=\u00bbvisible\u00bb id=\u00bbservicios-new\u00bb overlay_strength=\u00bb0.3&#8243; gradient_direction=\u00bbleft_to_right\u00bb shape_divider_position=\u00bbbottom\u00bb bg_image_animation=\u00bbnone\u00bb shape_type=\u00bb\u00bb][vc_column column_padding=\u00bbpadding-4-percent\u00bb column_padding_tablet=\u00bbinherit\u00bb column_padding_phone=\u00bbinherit\u00bb column_padding_position=\u00bball\u00bb column_element_spacing=\u00bbdefault\u00bb background_color_opacity=\u00bb1&#8243; background_hover_color_opacity=\u00bb1&#8243; column_shadow=\u00bbnone\u00bb column_border_radius=\u00bbnone\u00bb column_link_target=\u00bb_self\u00bb column_position=\u00bbdefault\u00bb el_class=\u00bbizq\u00bb gradient_direction=\u00bbleft_to_right\u00bb overlay_strength=\u00bb0.3&#8243; width=\u00bb1\/3&#8243; tablet_width_inherit=\u00bbdefault\u00bb tablet_text_alignment=\u00bbdefault\u00bb phone_text_alignment=\u00bbdefault\u00bb animation_type=\u00bbdefault\u00bb bg_image_animation=\u00bbnone\u00bb border_type=\u00bbsimple\u00bb column_border_width=\u00bbnone\u00bb column_border_style=\u00bbsolid\u00bb][vc_raw_html]JTNDdWwlM0UlMEElM0NsaSUzRSUzQ2ElMjBocmVmJTNEJTIyJTJGc2VydmljaW9zJTJGJTIzc2VydmljaW9zLW5ldyUyMiUzRUZhbWlsaWElM0MlMkZhJTNFJTNDJTJGbGklM0UlMEElM0NsaSUzRSUzQ2ElMjBocmVmJTNEJTIyJTJGc3VjZXNpb25lcy1oZXJlZGl0YXJpYXMlMkYlMjNzZXJ2aWNpb3MtbmV3JTIyJTNFU3VjZXNpb25lcyUyMEhlcmVkaXRhcmlhcyUzQyUyRmElM0UlM0MlMkZsaSUzRSUwQSUzQ2xpJTNFJTNDYSUyMGhyZWYlM0QlMjIlMkZvcGVyYWNpb25lcy1pbm1vYmlsaWFyaWFzJTJGJTIzc2VydmljaW9zLW5ldyUyMiUzRU9wZXJhY2lvbmVzJTIwSW5tb2JpbGlhcmlhcyUzQyUyRmElM0UlM0MlMkZsaSUzRSUwQSUzQ2xpJTNFJTNDYSUyMGhyZWYlM0QlMjIlMkZzb2NpZWRhZGVzLW1lcmNhbnRpbGVzJTJGJTIzc2VydmljaW9zLW5ldyUyMiUzRVNvY2llZGFkZXMlMjBNZXJjYW50aWxlcyUzQyUyRmElM0UlM0MlMkZsaSUzRSUwQSUzQ2xpJTNFJTNDYSUyMGNsYXNzJTNEJTIyZGVzdCUyMiUyMGhyZWYlM0QlMjIlMkZmaW5hbmNpYWNpb24lMkYlMjNzZXJ2aWNpb3MtbmV3JTIyJTNFRmluYWNpYWNpJUMzJUIzbiUzQyUyRmElM0UlM0MlMkZsaSUzRSUwQSUzQ2xpJTNFJTNDYSUyMGhyZWYlM0QlMjIlMkZwb2RlcmVzJTJGJTIzc2VydmljaW9zLW5ldyUyMiUzRVBvZGVyZXMlM0MlMkZhJTNFJTNDJTJGbGklM0UlMEElM0NsaSUzRSUzQ2ElMjBocmVmJTNEJTIyJTJGanVyYS1kZS1uYWNpb25hbGlkYWQlMkYlMjNzZXJ2aWNpb3MtbmV3JTIyJTNFSnVyYSUyMGRlJTIwTmFjaW9uYWxpZGFkJTNDJTJGYSUzRSUzQyUyRmxpJTNFJTBBJTNDbGklM0UlM0NhJTIwaHJlZiUzRCUyMiUyRmFjdGFzJTJGJTIzc2VydmljaW9zLW5ldyUyMiUzRUFjdGFzJTNDJTJGYSUzRSUzQyUyRmxpJTNFJTBBJTNDbGklM0UlM0NhJTIwaHJlZiUzRCUyMiUyRnBvbGl6YXMlMkYlMjNzZXJ2aWNpb3MtbmV3JTIyJTNFUCVDMyVCM2xpemFzJTNDJTJGYSUzRSUzQyUyRmxpJTNFJTBBJTNDbGklM0UlM0NhJTIwaHJlZiUzRCUyMiUyRlRlc3RpbW9uaW9zLXktbGVnaXRpbWFjaW9uZXMlMkYlMjNzZXJ2aWNpb3MtbmV3JTIyJTNFVGVzdGltb25pb3MlMjB5JTIwbGVnaXRpbWFjaW9uZXMlM0MlMkZhJTNFJTNDJTJGbGklM0UlMEElM0NsaSUzRSUzQ2ElMjBocmVmJTNEJTIyJTJGZmlzY2FsaWRhZCUyRiUyM3NlcnZpY2lvcy1uZXclMjIlM0VGaXNjYWxpZGFkJTNDJTJGYSUzRSUzQyUyRmxpJTNFJTBBJTNDbGklM0UlM0NhJTIwaHJlZiUzRCUyMiUyRmdlc3Rpb24tZG9jdW1lbnRhbCUyRiUyM3NlcnZpY2lvcy1uZXclMjIlM0VHZXN0aSVDMyVCM24lMjBkb2N1bWVudGFsJTNDJTJGYSUzRSUzQyUyRmxpJTNFJTBBJTBBJTNDJTJGdWwlM0U=[\/vc_raw_html][\/vc_column][vc_column column_padding=\u00bbpadding-4-percent\u00bb column_padding_tablet=\u00bbinherit\u00bb column_padding_phone=\u00bbinherit\u00bb column_padding_position=\u00bball\u00bb column_element_spacing=\u00bbdefault\u00bb background_color_opacity=\u00bb1&#8243; background_hover_color_opacity=\u00bb1&#8243; column_shadow=\u00bbnone\u00bb column_border_radius=\u00bbnone\u00bb column_link_target=\u00bb_self\u00bb column_position=\u00bbdefault\u00bb el_class=\u00bbder\u00bb gradient_direction=\u00bbleft_to_right\u00bb overlay_strength=\u00bb0.3&#8243; width=\u00bb2\/3&#8243; tablet_width_inherit=\u00bbdefault\u00bb tablet_text_alignment=\u00bbdefault\u00bb phone_text_alignment=\u00bbdefault\u00bb animation_type=\u00bbdefault\u00bb bg_image_animation=\u00bbnone\u00bb border_type=\u00bbsimple\u00bb column_border_width=\u00bbnone\u00bb column_border_style=\u00bbsolid\u00bb][vc_custom_heading text=\u00bbFinanciaci\u00f3n\u00bb font_container=\u00bbtag:h3|text_align:left\u00bb use_theme_fonts=\u00bbyes\u00bb][divider line_type=\u00bbNo Line\u00bb custom_height=\u00bb20px\u00bb][toggles style=\u00bbminimal\u00bb][toggle color=\u00bbDefault\u00bb title=\u00bbPr\u00e9stamos hipotecarios\u00bb][vc_column_text]Pr\u00e9stamo que tiene como garant\u00eda de pago un bien inmueble o varios, ya sean viviendas, locales, garajes, solares, etc.<\/p>\n<p>En todo caso, si usted firma un pr\u00e9stamo hipotecario tiene derecho a asesoramiento gratuito y a obtener con antelaci\u00f3n al d\u00eda de la firma un borrador de la escritura. Podremos resolverle y aclararle cualquier duda que tenga.<\/p>\n<p><a class=\"bot-acc\" href=\"\/contacto\/\">Reserve su cita previa<\/a> y acuda con su documento de identidad original y en vigor<\/p>\n<h4>Listado de documentaci\u00f3n b\u00e1sica<\/h4>\n<ul>\n<li>Escritura de propiedad sobre la que recae la garant\u00eda hipotecaria<\/li>\n<li>Certificaci\u00f3n catastral, que puede obtener la notar\u00eda<\/li>\n<li>Tasaci\u00f3n (de la que normalmente se encarga la entidad acreedora)<\/li>\n<li>Datos econ\u00f3micos del pr\u00e9stamo (que resultan de la minuta que facilita la entidad acreedora)<\/li>\n<li>Documentaci\u00f3n precontractual (FIPER, oferta vinculante), etc.<\/li>\n<\/ul>\n<h4>Fiscalidad y gastos:<\/h4>\n<p>La constituci\u00f3n de una hipoteca devenga el Impuesto de Actos Jur\u00eddicos Documentados, que en general ser\u00e1 de un 1,5%, o un 2%,\u00a0aplicado, no solo sobre el importe del pr\u00e9stamo, sino sobre la llamada \u201cresponsabilidad hipotecaria\u00bb, es decir, el total importe que garantiza la hipoteca (principal intereses y costas).<\/p>\n<p>En general el sujeto pasivo de dicho impuesto desde el 10 de noviembre de 2018, es la entidad financiera que es quien deber\u00e1 pagarlo.[\/vc_column_text][\/toggle][toggle color=\u00bbDefault\u00bb title=\u00bbPr\u00e9stamos entre particulares\u00bb][vc_column_text]El supuesto m\u00e1s frecuente es el que se hace entre familiares o personas con v\u00ednculos de amistad. Suelen estar exentos de impuestos y puede incluso pactarse en garant\u00eda del pr\u00e9stamo la constituci\u00f3n de hipoteca sobre un inmueble, en cuyo caso siempre ser\u00e1 necesaria la correspondiente tasaci\u00f3n.<\/p>\n<p><a class=\"bot-acc\" href=\"contacto\">Reserve su cita previa<\/a> y acuda con su documento de identidad original y en vigor<\/p>\n<h4>Datos b\u00e1sicos:<\/h4>\n<ul>\n<li>Cantidad objeto de pr\u00e9stamo<\/li>\n<li>Justificaci\u00f3n del ingreso\/transferencia de la referida cantidad, con, en su caso, n\u00fameros de cuentas IBAN de cargo y de abono<\/li>\n<li>Forma de devoluci\u00f3n del capital objeto del pr\u00e9stamo, importe de los intereses a cobrar en su caso, y dem\u00e1s datos b\u00e1sicos sobre los que podremos asesorarle.<\/li>\n<\/ul>\n<h4>Fiscalidad:<\/h4>\n<p>En general, es una operaci\u00f3n exenta.[\/vc_column_text][vc_column_text][\/vc_column_text][\/toggle][toggle color=\u00bbDefault\u00bb title=\u00bbCancelaci\u00f3n de hipoteca\u00bb][vc_column_text]Cuando el pr\u00e9stamo se abona \u00edntegramente, la hipoteca, que es la garant\u00eda de que ese pr\u00e9stamo se va a pagar, queda ineficaz, pero es necesario un acto formal para hacer constar esa extinci\u00f3n en el Registro, que es la llamada cancelaci\u00f3n.<\/p>\n<p>Es necesario, por tanto, una escritura p\u00fablica ante notario, la de cancelaci\u00f3n de hipoteca. En esta escritura no hace falta que intervenga el deudor, sino que la otorgan los representantes del banco o caja de ahorros haciendo constar que el deudor devolvi\u00f3 el capital del pr\u00e9stamo con todos sus intereses y gastos y solicitando al registrador de la propiedad que cancele la hipoteca. Una vez firmada ante notario, se lleva la escritura de cancelaci\u00f3n al Registro, donde se inscribe, quedando el inmueble completamente \u2018limpio\u2019 de la hipoteca.<\/p>\n<p><a class=\"bot-acc\" href=\"contacto\">Reserve su cita previa<\/a> y acuda con su documento de identidad original y en vigor<\/p>\n<h4>Listado de documentaci\u00f3n b\u00e1sica:<\/h4>\n<ul>\n<li>Certificado bancario de \u201csaldo cero\u201d, es decir, de que ya est\u00e1 pagada la deuda<\/li>\n<li>Datos registrales de la finca hipotecada<\/li>\n<\/ul>\n<h4>Fiscalidad y gastos:<\/h4>\n<p>La cancelaci\u00f3n de hipoteca, en general, se encuentra exenta de impuestos.<br \/>\nLos gastos del certificado bancario de saldo cero y de otorgamiento e inscripci\u00f3n de la escritura son de cargo del deudor, pero gozan de reducciones legales.<\/p>\n<p>La gesti\u00f3n de la escritura de cancelaci\u00f3n puede encomendarse a la Notar\u00eda, en cuyo caso nos ocuparemos de los tr\u00e1mites fiscales y registrales.[\/vc_column_text][vc_column_text][\/vc_column_text][\/toggle][\/toggles][\/vc_column][\/vc_row][vc_row type=\u00bbfull_width_background\u00bb full_screen_row_position=\u00bbmiddle\u00bb column_margin=\u00bbdefault\u00bb equal_height=\u00bbyes\u00bb content_placement=\u00bbmiddle\u00bb column_direction=\u00bbdefault\u00bb column_direction_tablet=\u00bbdefault\u00bb column_direction_phone=\u00bbdefault\u00bb bg_image=\u00bb520&#8243; bg_position=\u00bbcenter center\u00bb background_image_loading=\u00bbdefault\u00bb bg_repeat=\u00bbno-repeat\u00bb scene_position=\u00bbcenter\u00bb top_padding=\u00bb8%\u00bb bottom_padding=\u00bb8%\u00bb text_color=\u00bblight\u00bb text_align=\u00bbleft\u00bb row_border_radius=\u00bbnone\u00bb row_border_radius_applies=\u00bbbg\u00bb overflow=\u00bbvisible\u00bb id=\u00bbnecesitas-ayuda\u00bb color_overlay=\u00bbrgba(10,6,6,0.84)\u00bb overlay_strength=\u00bb0.5&#8243; gradient_direction=\u00bbleft_to_right\u00bb shape_divider_position=\u00bbbottom\u00bb bg_image_animation=\u00bbnone\u00bb parallax_bg=\u00bbtrue\u00bb parallax_bg_speed=\u00bbslow\u00bb shape_type=\u00bb\u00bb][vc_column column_padding=\u00bbno-extra-padding\u00bb column_padding_tablet=\u00bbinherit\u00bb column_padding_phone=\u00bbinherit\u00bb column_padding_position=\u00bball\u00bb column_element_spacing=\u00bbdefault\u00bb background_color_opacity=\u00bb1&#8243; background_hover_color_opacity=\u00bb1&#8243; column_shadow=\u00bbnone\u00bb column_border_radius=\u00bbnone\u00bb column_link_target=\u00bb_self\u00bb column_position=\u00bbdefault\u00bb gradient_direction=\u00bbleft_to_right\u00bb overlay_strength=\u00bb0.3&#8243; width=\u00bb1\/1&#8243; tablet_width_inherit=\u00bbdefault\u00bb tablet_text_alignment=\u00bbdefault\u00bb phone_text_alignment=\u00bbdefault\u00bb animation_type=\u00bbdefault\u00bb bg_image_animation=\u00bbnone\u00bb border_type=\u00bbsimple\u00bb column_border_width=\u00bbnone\u00bb column_border_style=\u00bbsolid\u00bb][vc_row_inner column_margin=\u00bbdefault\u00bb column_direction=\u00bbdefault\u00bb column_direction_tablet=\u00bbdefault\u00bb column_direction_phone=\u00bbdefault\u00bb text_align=\u00bbleft\u00bb row_position=\u00bbdefault\u00bb row_position_tablet=\u00bbinherit\u00bb row_position_phone=\u00bbinherit\u00bb overflow=\u00bbvisible\u00bb pointer_events=\u00bball\u00bb][vc_column_inner column_padding=\u00bbno-extra-padding\u00bb column_padding_tablet=\u00bbinherit\u00bb column_padding_phone=\u00bbinherit\u00bb column_padding_position=\u00bball\u00bb column_element_spacing=\u00bbdefault\u00bb background_color_opacity=\u00bb1&#8243; background_hover_color_opacity=\u00bb1&#8243; column_shadow=\u00bbnone\u00bb column_border_radius=\u00bbnone\u00bb column_link_target=\u00bb_self\u00bb gradient_direction=\u00bbleft_to_right\u00bb overlay_strength=\u00bb0.3&#8243; width=\u00bb1\/6&#8243; tablet_width_inherit=\u00bbdefault\u00bb animation_type=\u00bbdefault\u00bb bg_image_animation=\u00bbnone\u00bb border_type=\u00bbsimple\u00bb column_border_width=\u00bbnone\u00bb column_border_style=\u00bbsolid\u00bb][\/vc_column_inner][vc_column_inner column_padding=\u00bbpadding-2-percent\u00bb column_padding_tablet=\u00bbinherit\u00bb column_padding_phone=\u00bbinherit\u00bb column_padding_position=\u00bbleft-right\u00bb column_element_spacing=\u00bbdefault\u00bb centered_text=\u00bbtrue\u00bb background_color_opacity=\u00bb1&#8243; background_hover_color_opacity=\u00bb1&#8243; column_shadow=\u00bbnone\u00bb column_border_radius=\u00bbnone\u00bb column_link_target=\u00bb_self\u00bb gradient_direction=\u00bbleft_to_right\u00bb overlay_strength=\u00bb0.3&#8243; width=\u00bb2\/3&#8243; tablet_width_inherit=\u00bbdefault\u00bb animation_type=\u00bbdefault\u00bb bg_image_animation=\u00bbnone\u00bb border_type=\u00bbsimple\u00bb column_border_width=\u00bbnone\u00bb column_border_style=\u00bbsolid\u00bb][vc_custom_heading text=\u00bb\u00bfNecesita ayuda con sus tr\u00e1mites notariales?\u00bb font_container=\u00bbtag:h2|text_align:center\u00bb use_theme_fonts=\u00bbyes\u00bb css_animation=\u00bbfadeInUp\u00bb el_id=\u00bbnecesitas-ayuda\u00bb][divider line_type=\u00bbNo Line\u00bb custom_height=\u00bb10&#8243;][vc_custom_heading text=\u00bbEstamos a su servicio.\u00bb font_container=\u00bbtag:p|text_align:center|color:rgba(255%2C255%2C255%2C0.7)\u00bb use_theme_fonts=\u00bbyes\u00bb css_animation=\u00bbfadeInUp\u00bb css=\u00bb.vc_custom_1538048078918{margin-top: 10px !important;margin-bottom: 10px !important;}\u00bb][nectar_btn size=\u00bblarge\u00bb button_style=\u00bbregular\u00bb button_color_2=\u00bbAccent-Color\u00bb icon_family=\u00bbdefault_arrow\u00bb url=\u00bb\/contacto\/\u00bb text=\u00bbContactar notar\u00eda\u00bb css_animation=\u00bbzoomIn\u00bb][\/vc_column_inner][vc_column_inner column_padding=\u00bbno-extra-padding\u00bb column_padding_tablet=\u00bbinherit\u00bb column_padding_phone=\u00bbinherit\u00bb column_padding_position=\u00bball\u00bb column_element_spacing=\u00bbdefault\u00bb background_color_opacity=\u00bb1&#8243; background_hover_color_opacity=\u00bb1&#8243; column_shadow=\u00bbnone\u00bb column_border_radius=\u00bbnone\u00bb column_link_target=\u00bb_self\u00bb gradient_direction=\u00bbleft_to_right\u00bb overlay_strength=\u00bb0.3&#8243; width=\u00bb1\/6&#8243; tablet_width_inherit=\u00bbdefault\u00bb animation_type=\u00bbdefault\u00bb bg_image_animation=\u00bbnone\u00bb border_type=\u00bbsimple\u00bb column_border_width=\u00bbnone\u00bb column_border_style=\u00bbsolid\u00bb][\/vc_column_inner][\/vc_row_inner][\/vc_column][\/vc_row]\n","protected":false},"excerpt":{"rendered":"<p>[vc_row type=\u00bbfull_width_background\u00bb full_screen_row_position=\u00bbmiddle\u00bb column_margin=\u00bbdefault\u00bb column_direction=\u00bbdefault\u00bb column_direction_tablet=\u00bbdefault\u00bb column_direction_phone=\u00bbdefault\u00bb bg_image=\u00bb253&#8243; bg_position=\u00bbright bottom\u00bb background_image_loading=\u00bbdefault\u00bb bg_repeat=\u00bbno-repeat\u00bb scene_position=\u00bbcenter\u00bb top_padding=\u00bb12%\u00bb bottom_padding=\u00bb12%\u00bb text_color=\u00bblight\u00bb text_align=\u00bbleft\u00bb row_border_radius=\u00bbnone\u00bb row_border_radius_applies=\u00bbbg\u00bb overflow=\u00bbvisible\u00bb id=\u00bbmain-slider\u00bb overlay_strength=\u00bb0.8&#8243; gradient_direction=\u00bbleft_to_right\u00bb shape_divider_position=\u00bbbottom\u00bb shape_divider_height=\u00bb350&#8243; bg_image_animation=\u00bbnone\u00bb parallax_bg=\u00bbtrue\u00bb parallax_bg_speed=\u00bbfast\u00bb shape_type=\u00bbwaves_opacity_alt\u00bb][vc_column column_padding=\u00bbno-extra-padding\u00bb&#8230;<\/p>\n","protected":false},"author":4,"featured_media":0,"parent":0,"menu_order":0,"comment_status":"closed","ping_status":"closed","template":"","meta":[],"_links":{"self":[{"href":"https:\/\/www.notariaprietosabadell.com\/es\/wp-json\/wp\/v2\/pages\/597"}],"collection":[{"href":"https:\/\/www.notariaprietosabadell.com\/es\/wp-json\/wp\/v2\/pages"}],"about":[{"href":"https:\/\/www.notariaprietosabadell.com\/es\/wp-json\/wp\/v2\/types\/page"}],"author":[{"embeddable":true,"href":"https:\/\/www.notariaprietosabadell.com\/es\/wp-json\/wp\/v2\/users\/4"}],"replies":[{"embeddable":true,"href":"https:\/\/www.notariaprietosabadell.com\/es\/wp-json\/wp\/v2\/comments?post=597"}],"version-history":[{"count":26,"href":"https:\/\/www.notariaprietosabadell.com\/es\/wp-json\/wp\/v2\/pages\/597\/revisions"}],"predecessor-version":[{"id":3062,"href":"https:\/\/www.notariaprietosabadell.com\/es\/wp-json\/wp\/v2\/pages\/597\/revisions\/3062"}],"wp:attachment":[{"href":"https:\/\/www.notariaprietosabadell.com\/es\/wp-json\/wp\/v2\/media?parent=597"}],"curies":[{"name":"wp","href":"https:\/\/api.w.org\/{rel}","templated":true}]}}