{"id":638,"date":"2018-09-26T15:36:52","date_gmt":"2018-09-26T13:36:52","guid":{"rendered":"https:\/\/www.notariaprietosabadell.com\/?page_id=638"},"modified":"2026-02-13T10:24:22","modified_gmt":"2026-02-13T09:24:22","slug":"politica-de-privacidad-y-proteccion-de-datos","status":"publish","type":"page","link":"https:\/\/www.notariaprietosabadell.com\/es\/politica-de-privacidad-y-proteccion-de-datos\/","title":{"rendered":"Pol\u00edtica de privacidad y protecci\u00f3n de datos"},"content":{"rendered":"[vc_row type=\u00bbin_container\u00bb full_screen_row_position=\u00bbmiddle\u00bb column_margin=\u00bbdefault\u00bb column_direction=\u00bbdefault\u00bb column_direction_tablet=\u00bbdefault\u00bb column_direction_phone=\u00bbdefault\u00bb scene_position=\u00bbcenter\u00bb text_color=\u00bbdark\u00bb text_align=\u00bbleft\u00bb row_border_radius=\u00bbnone\u00bb row_border_radius_applies=\u00bbbg\u00bb overflow=\u00bbvisible\u00bb overlay_strength=\u00bb0.3&#8243; gradient_direction=\u00bbleft_to_right\u00bb shape_divider_position=\u00bbbottom\u00bb bg_image_animation=\u00bbnone\u00bb][vc_column column_padding=\u00bbno-extra-padding\u00bb column_padding_tablet=\u00bbinherit\u00bb column_padding_phone=\u00bbinherit\u00bb column_padding_position=\u00bball\u00bb column_element_spacing=\u00bbdefault\u00bb background_color_opacity=\u00bb1&#8243; background_hover_color_opacity=\u00bb1&#8243; column_shadow=\u00bbnone\u00bb column_border_radius=\u00bbnone\u00bb column_link_target=\u00bb_self\u00bb column_position=\u00bbdefault\u00bb gradient_direction=\u00bbleft_to_right\u00bb overlay_strength=\u00bb0.3&#8243; width=\u00bb1\/1&#8243; tablet_width_inherit=\u00bbdefault\u00bb tablet_text_alignment=\u00bbdefault\u00bb phone_text_alignment=\u00bbdefault\u00bb animation_type=\u00bbdefault\u00bb bg_image_animation=\u00bbnone\u00bb border_type=\u00bbsimple\u00bb column_border_width=\u00bbnone\u00bb column_border_style=\u00bbsolid\u00bb][vc_column_text]<strong><u>POL\u00cdTICA DE PRIVACIDAD<\/u><\/strong><\/p>\n<p><strong>\u00a0<\/strong><\/p>\n<p>A trav\u00e9s de la presente pol\u00edtica de privacidad Notaria Prieto y Garc\u00eda-Rosado desea informar a todas las personas que naveguen y accedan al sitio web <a href=\"https:\/\/www.notariaprietosabadell.com\/\">www.notariaprietosabadell.com<\/a> sobre los tratamientos de datos personales realizados.<\/p>\n<p>El acceso al sitio web no requiere un registro previo. Antes del env\u00edo de cualquier solicitud de informaci\u00f3n a trav\u00e9s del formulario de contacto de esta p\u00e1gina web, <u>el usuario debe aceptar la pol\u00edtica de privacidad<\/u>, con el fin de prestar el consentimiento expreso e informado por el tratamiento de los datos con las finalidades indicadas.<\/p>\n<p><strong>NOTAR\u00cdA PRIETO Y GARC\u00cdA-ROSADO<\/strong>, de conformidad con el Reglamento (UE) 2016\/679, de 27 de abril de 2016, relativo a la protecci\u00f3n de las personas f\u00edsicas en lo que respecta al tratamiento de datos personales y a la libre circulaci\u00f3n de estos datos, as\u00ed como con la Ley Org\u00e1nica 3\/2018, de 5 de diciembre, de Protecci\u00f3n de Datos Personales y garant\u00eda de los derechos digitales, en calidad de Responsable del Tratamiento de los datos personales proporcionados, le facilita la siguiente informaci\u00f3n:<\/p>\n<p>&nbsp;<\/p>\n<p><strong><u>Responsable del Tratamiento:<\/u><\/strong><\/p>\n<ul>\n<li>Raz\u00f3n Social: <strong>MONTSERRAT PRIETO SANTOS (de ahora en adelante NOTAR\u00cdA PRIETO Y GARC\u00cdA-ROSADO)<\/strong><\/li>\n<li><\/li>\n<li>NIF: <strong>52154642A<\/strong><\/li>\n<li><\/li>\n<li>Direcci\u00f3n: <strong>Av. Rep\u00fablica, 18, 2\u00aa \u2013 08202 Sabadell (Barcelona)<\/strong><\/li>\n<li><\/li>\n<li>Correo electr\u00f3nico: <strong>notaria@notariaprietosabadell.com<\/strong><\/li>\n<\/ul>\n<p>&nbsp;<\/p>\n<p><strong>Finalidad del tratamiento<\/strong><strong>:<\/strong> Tratamos los datos y la informaci\u00f3n que nos facilitan las personas interesadas con la finalidad de gestionar el uso de las funcionalidades puestas a disposici\u00f3n a trav\u00e9s del Sitio Web, entre ellas, la respuesta a solicitudes y\/o consultas realizadas.<\/p>\n<p>Los datos tratados con esta finalidad se conservar\u00e1n mientras se mantenga la relaci\u00f3n contractual y\/o negocial entre el Usuario y NOTAR\u00cdA PRIETO Y GARC\u00cdA-ROSADO. Para el caso de que las solicitudes efectuadas por un usuario no mantengan una relaci\u00f3n contractual, los datos se conservar\u00e1n hasta haber resuelto dicha solicitud.<\/p>\n<p><strong>Legitimaci\u00f3n<\/strong><strong>:<\/strong> El tratamiento de dichos datos est\u00e1 legitimado por la ejecuci\u00f3n de las obligaciones contractuales y\/o negociales.<\/p>\n<p><strong>\u00a0<\/strong><\/p>\n<p><strong>Criterios de conservaci\u00f3n de los datos<\/strong><strong>:<\/strong> Los datos no se conservar\u00e1n m\u00e1s tiempo del necesario para los cuales han sido recabados, excepto que exista una obligaci\u00f3n legal.<\/p>\n<p><strong>\u00a0<\/strong><\/p>\n<p><strong>Comunicaci\u00f3n de los datos<\/strong><strong>:<\/strong> No se comunicar\u00e1n a otros terceros, excepto obligaci\u00f3n legal o con el consentimiento expreso del interesado.<\/p>\n<p>&nbsp;<\/p>\n<p><strong>Transferencias internacionales de datos<\/strong><strong>: <\/strong>No se realizan Transferencias Internacionales de datos a terceros pa\u00edses fuera de la Uni\u00f3n Europea.<\/p>\n<p>&nbsp;<\/p>\n<p><strong>Derechos que asisten al Interesado<\/strong><strong>:<\/strong> El interesado tiene derecho a retirar el consentimiento en cualquier momento. Asimismo, le informamos que podr\u00e1 ejercer sus derechos de acceso, rectificaci\u00f3n y supresi\u00f3n (Derecho al olvido), limitaci\u00f3n de los datos, portabilidad de los datos y oposici\u00f3n, enviando un escrito a Av. Rep\u00fablica, 18, 2\u00aa \u2013 08202 Sabadell (Barcelona).<\/p>\n<p>&nbsp;<\/p>\n<p>La persona interesada puede presentar una reclamaci\u00f3n ante la autoridad de control en materia de protecci\u00f3n de datos competente, que actualmente es la Agencia Espa\u00f1ola de Protecci\u00f3n de Datos (AEPD), a trav\u00e9s de su sede electr\u00f3nica: <a href=\"http:\/\/www.sedeagpd.gob.es\/sede-electronica-web\">www.sedeagpd.gob.es\/sede-electronica-web<\/a>, o enviando un escrito a C\/ Jorge Juan n\u00ba6 \u2013 28001 MADRID.<\/p>\n<p>&nbsp;<\/p>\n<p><strong>\u00bfEs obligatorio proporcionar toda la informaci\u00f3n solicitada en el apartado de contacto? <\/strong><\/p>\n<p>En cuanto a los formularios del Sitio Web, el Usuario tiene que cumplimentar los marcados como \u201crequerido\u201d. No completar los datos personales requeridos o hacerlo parcialmente puede suponer que NOTAR\u00cdA PRIETO Y GARC\u00cdA-ROSADO no pueda atender sus solicitudes y, en consecuencia,NOTAR\u00cdA PRIETO Y GARC\u00cdA-ROSADO quedar\u00e1 exonerada de toda responsabilidad por la no prestaci\u00f3n o la prestaci\u00f3n incompleta de los servicios solicitados.<\/p>\n<p>Los datos personales que el Usuario facilita a NOTAR\u00cdA PRIETO Y GARC\u00cdA-ROSADO tienen que ser actuales para que la informaci\u00f3n de los registros est\u00e9 actualiza y sin errores. El Usuario responder\u00e1 de la veracidad de los datos facilitados.<\/p>\n<p><strong>\u00a0<\/strong><\/p>\n<p><strong>\u00bfQu\u00e9 medidas de seguridad tiene implantada la empresa? <\/strong><\/p>\n<p>NOTAR\u00cdA PRIETO Y GARC\u00cdA-ROSADO informa que el tratamiento que realiza de datos personales se realiza en todo momento de conformidad con la normativa aplicable en materia de protecci\u00f3n de datos y de los servicios de la sociedad de la informaci\u00f3n.<\/p>\n<p>NOTAR\u00cdA PRIETO Y GARC\u00cdA-ROSADO tiene implantadas las medidas de seguridad de \u00edndole t\u00e9cnica y organizativas necesarias que garanticen la seguridad de los datos de car\u00e1cter personal del Usuario y eviten su alteraci\u00f3n, p\u00e9rdida, tratamiento y\/o acceso no autorizado de acuerdo con el estado de la tecnolog\u00eda, la naturaleza de los datos almacenados y los riesgos a los que est\u00e1n expuestos, ya provengan de la acci\u00f3n humana o del medio f\u00edsico o natural, en conformidad con el que prev\u00e9 la normativa vigente.[\/vc_column_text][\/vc_column][\/vc_row]\n","protected":false},"excerpt":{"rendered":"<p>[vc_row type=\u00bbin_container\u00bb full_screen_row_position=\u00bbmiddle\u00bb column_margin=\u00bbdefault\u00bb column_direction=\u00bbdefault\u00bb column_direction_tablet=\u00bbdefault\u00bb column_direction_phone=\u00bbdefault\u00bb scene_position=\u00bbcenter\u00bb text_color=\u00bbdark\u00bb text_align=\u00bbleft\u00bb row_border_radius=\u00bbnone\u00bb row_border_radius_applies=\u00bbbg\u00bb overflow=\u00bbvisible\u00bb overlay_strength=\u00bb0.3&#8243; gradient_direction=\u00bbleft_to_right\u00bb shape_divider_position=\u00bbbottom\u00bb bg_image_animation=\u00bbnone\u00bb][vc_column column_padding=\u00bbno-extra-padding\u00bb column_padding_tablet=\u00bbinherit\u00bb column_padding_phone=\u00bbinherit\u00bb column_padding_position=\u00bball\u00bb column_element_spacing=\u00bbdefault\u00bb background_color_opacity=\u00bb1&#8243; background_hover_color_opacity=\u00bb1&#8243; column_shadow=\u00bbnone\u00bb column_border_radius=\u00bbnone\u00bb column_link_target=\u00bb_self\u00bb column_position=\u00bbdefault\u00bb gradient_direction=\u00bbleft_to_right\u00bb overlay_strength=\u00bb0.3&#8243;&#8230;<\/p>\n","protected":false},"author":4,"featured_media":0,"parent":0,"menu_order":0,"comment_status":"closed","ping_status":"closed","template":"","meta":[],"_links":{"self":[{"href":"https:\/\/www.notariaprietosabadell.com\/es\/wp-json\/wp\/v2\/pages\/638"}],"collection":[{"href":"https:\/\/www.notariaprietosabadell.com\/es\/wp-json\/wp\/v2\/pages"}],"about":[{"href":"https:\/\/www.notariaprietosabadell.com\/es\/wp-json\/wp\/v2\/types\/page"}],"author":[{"embeddable":true,"href":"https:\/\/www.notariaprietosabadell.com\/es\/wp-json\/wp\/v2\/users\/4"}],"replies":[{"embeddable":true,"href":"https:\/\/www.notariaprietosabadell.com\/es\/wp-json\/wp\/v2\/comments?post=638"}],"version-history":[{"count":16,"href":"https:\/\/www.notariaprietosabadell.com\/es\/wp-json\/wp\/v2\/pages\/638\/revisions"}],"predecessor-version":[{"id":4164,"href":"https:\/\/www.notariaprietosabadell.com\/es\/wp-json\/wp\/v2\/pages\/638\/revisions\/4164"}],"wp:attachment":[{"href":"https:\/\/www.notariaprietosabadell.com\/es\/wp-json\/wp\/v2\/media?parent=638"}],"curies":[{"name":"wp","href":"https:\/\/api.w.org\/{rel}","templated":true}]}}